{"id":12,"date":"2014-10-21T13:35:44","date_gmt":"2014-10-21T11:35:44","guid":{"rendered":"http:\/\/www.nobelle-husum.de\/?page_id=12"},"modified":"2024-11-07T16:08:46","modified_gmt":"2024-11-07T14:08:46","slug":"datenschutzerklaerung","status":"publish","type":"page","link":"https:\/\/nobelle-husum.de\/?page_id=12","title":{"rendered":"Datenschutzerkl\u00e4rung"},"content":{"rendered":"<p>I. Name und Anschrift des Verantwortlichen<br \/>\nDer Verantwortliche im Sinne der \u201eDSGVO\u201c und anderer nationaler Datenschutzgesetze der Mitgliedsstaaten sowie sonstiger datenschutzrechtlicher Bestimmungen ist:<\/p>\n<p>Nobelle &#8211; Haus der Freude<br \/>\nInhaber Corinna Steffens<br \/>\nNorderstra\u00dfe 28<br \/>\n25813 Husum<\/p>\n<p>Grunds\u00e4tzliches zur Verarbeitung Ihrer personenbezogenen Daten<br \/>\n1. Was ist denn \u201eVerarbeitung personenbezogener Daten\u201c?<br \/>\nPersonenbezogene Daten im Sinne der DSGVO sind s\u00e4mtliche Informationen, die sich auf die Lebensumst\u00e4nde einer nat\u00fcrlichen Person beziehen, also z. B. Daten wie Ihr Name, Ihre Adresse, Ihr Geburtsdatum usw.<br \/>\nDar\u00fcber hinaus gelten auch \u201eKenn-Nummern\u201c als personenbezogene Daten, sofern diese Kenn-Nummern eindeutig Ihrer Person zugeordnet werden k\u00f6nnen wie z. B. Ihre Telefonnummer, Ihre Kundennummer bei Nobelle, Ihre E-Mail-Adresse, Ihre Kontonummer und Kreditkartennummer, oder die IP-Adresse Ihres Computers.<br \/>\nSofern derartige Informationen unkenntlich gemacht bzw. \u201canonymisiert\u201d werden und nicht mehr Ihrer Person zugeordnet werden k\u00f6nnen, sind es keine personenbezogenen Daten mehr.<br \/>\nUnter einer \u201eVerarbeitung personenbezogener Daten\u201c versteht man alles, was mit diesen personenbezogenen Daten passieren kann, also das Erfassen, Speichern, Anpassen oder Ver\u00e4ndern, Abfragen, \u00dcbertragen, Abgleichen, Verkn\u00fcpfen oder L\u00f6schen.<br \/>\n2. Wir verarbeiten Ihre Daten stets auf einer Rechtsgrundlage nach Art. 6 DSGVO<br \/>\nDie Verarbeitung personenbezogener Daten ist nur erlaubt, wenn eine Rechtsgrundlage nach Art. 6 DSGVO besteht, also z.B. wenn Sie uns Ihre Einwilligung gegeben haben, wenn Sie einen Einkauf bei uns t\u00e4tigen wollen, oder wenn wir unser berechtigtes Interesse f\u00fcr die Verarbeitung geltend machen.<br \/>\nWir verarbeiten Ihre personenbezogenen Daten zur Abwicklung einer Bestellung, welche Sie auf unseren Internet-Seiten platziert haben (also wenn Sie einen Kaufvertrag mit uns abschlie\u00dfen) (vgl. Artikel 6 Abs. 1 Buchstabe b DSGVO). Dies umfasst z.B. Informationen, welche Artikel Sie in den Warenkorb gelegt haben (auch vor\u00fcbergehend), oder welche Artikel Sie zu welchem Zeitpunkt bestellt haben.<br \/>\nSofern Sie damit einverstanden sind und uns Ihre Einwilligung geben, erfassen und verarbeiten wir dar\u00fcber hinaus weitere Informationen zu Ihrer Person \u2013 z.B. die Art und Weise, wie Sie unsere Internetseiten besuchen und nutzen, oder wenn Sie unseren Newsletter bestellen. Mit diesen zus\u00e4tzlichen Informationen k\u00f6nnen wir die Qualit\u00e4t unserer Internetseite und unserer Dienstleistungen f\u00fcr Sie verbessern (Artikel 6 Abs. 1 Buchstabe a DSGVO).<br \/>\nWir ben\u00f6tigen jeweils Ihre Einwilligung (bzw. haben Ihre Einwilligung bereits fr\u00fcher erhalten) f\u00fcr alle Sachverhalte, welche \u00fcber die eigentliche Abwicklung einer Bestellung hinausgehen, also z.B.<br \/>\n\u25aa Zusendung eines Newsletters<br \/>\n\u25aa Anrufe bei Ihnen zu Service- und Werbezwecken (\u201eOutbound Telefonie\u201c)<br \/>\nEine Ausnahme f\u00fcr Ihr Einverst\u00e4ndnis gilt in solchen F\u00e4llen, in denen die vorherige Einholung Ihrer Einwilligung aus tats\u00e4chlichen Gr\u00fcnden nicht m\u00f6glich ist, aber die Verarbeitung Ihrer Daten durch gesetzliche Vorschriften gestattet ist.<br \/>\nNeben Ihrer Einwilligung d\u00fcrfen wir Ihre personenbezogenen Daten auch auf Basis unserer berechtigten Interessen oder der Interessen einer \u201edritten Partei\u201c verarbeiten (Artikel 6 Abs. 1 Buchstabe f DSGVO).<br \/>\nDatenweitergabe an Versanddienstleister<br \/>\nSofern Sie uns hierzu w\u00e4hrend oder nach Ihrer Bestellung Ihre ausdr\u00fcckliche Einwilligung erteilt haben, geben wir aufgrund dieser gem\u00e4\u00df Art. 6 Abs. 1 S. 1 lit. a DSGVO Ihre Telefonnummer an den ausgew\u00e4hlten Versanddienstleister weiter, damit dieser vor Zustellung zum Zwecke der Lieferungsank\u00fcndigung bzw. -abstimmung Kontakt mit Ihnen aufnehmen kann.<\/p>\n<p>Die Einwilligung kann jederzeit durch eine Nachricht an die unten beschriebene Kontaktm\u00f6glichkeit oder direkt gegen\u00fcber dem Versanddienstleister unter der im Folgenden aufgef\u00fchrten Kontaktadresse widerrufen werden. Nach Widerruf l\u00f6schen wir Ihre hierf\u00fcr angegebenen Daten, soweit Sie nicht ausdr\u00fccklich in eine weitere Nutzung Ihrer Daten eingewilligt haben oder wir uns eine dar\u00fcber hinausgehende Datenverwendung vorbehalten, die gesetzlich erlaubt ist und \u00fcber die wir Sie in dieser Erkl\u00e4rung informieren.<\/p>\n<p>DHL Paket<br \/>\nStr\u00e4\u00dfchensweg 10<br \/>\n53113<br \/>\nBonn<br \/>\n\u25aa E-Mail-Werbung an unsere Bestandskunden<br \/>\n\u25aa Die Zurverf\u00fcgungstellung Ihrer Adresse zu Werbezwecken an dritte Parteien bzw. innerhalb unseres Unternehmens<br \/>\n\u25aa Printwerbung<br \/>\nSofern wir unsere berechtigten Interessen geltend machen wollen, erfordert die DSGVO, dass wir zuerst pr\u00fcfen, ob nicht Ihre pers\u00f6nlichen Rechte und Freiheiten \u00fcberwiegen.<br \/>\n3. Wir speichern Ihre Daten nur so lange wie n\u00f6tig<br \/>\nPersonenbezogene Daten zu Ihrer Person werden gel\u00f6scht, wenn die Daten nicht mehr ben\u00f6tigt werden und keine der oben genannten Rechtsgrundlagen mehr besteht. Eine gesetzliche Aufbewahrungspflicht, welche unser Unternehmen beachten muss, kann zu einer l\u00e4ngeren Aufbewahrung f\u00fchren.<br \/>\nWir k\u00f6nnen Ihre Daten l\u00e4nger aufbewahren \u2013 z.B. f\u00fcr eine verbesserte Dienstleistung Ihnen gegen\u00fcber -, sofern Sie uns auch hierzu Ihre Einwilligung geben oder wir berechtigtes Interesse haben.<br \/>\nSofern wir Ihre personenbezogenen Daten aus technischen Gr\u00fcnden nicht l\u00f6schen k\u00f6nnen, werden Ihre Daten auf alle F\u00e4lle von einer weiteren Verarbeitung ausgeschlossen (\u201egesperrt\u201c).<\/p>\n<p>IV. Zu welchen Zwecken werden Ihre personenbezogenen Daten verarbeitet?<br \/>\nFall 1: Erfassung Ihrer personenbezogenen Daten aus technischen Gr\u00fcnden<br \/>\nBei jedem Aufruf unserer Internetseite erfassen unsere Systeme aus technischen Gr\u00fcnden automatisch bestimmte Daten Ihres Computers oder Ihres Smartphones.<br \/>\nDies sind z.B. Informationen wie<br \/>\n\u25aa Informationen \u00fcber den Typ und die Version Ihres Internet-Browsers,<br \/>\n\u25aa Das Betriebssystem Ihres Computers oder Smartphones,<br \/>\n\u25aa Ihren Internet-Service-Provider,<br \/>\n\u25aa Ihre IP-Adresse,<br \/>\n\u25aa Datum und Uhrzeit Ihres Zugriffs,<br \/>\n\u25aa Internetseiten, von denen aus Sie zu uns gelangt sind,<br \/>\n\u25aa Internetseiten, welche Sie von unserer Seite aus besuchen.<br \/>\nRechtsgrundlage f\u00fcr die vor\u00fcbergehende Speicherung ist Art. 6 Abs. 1 Buchstabe f DSGVO. Wir erfassen derartige technische Informationen in sogenannten \u201elog files\u201c (Protokolldateien), damit Sie unsere Internetseite korrekt angezeigt bekommen und wir bei etwaigen technischen Problemen die Ursachen ermitteln k\u00f6nnen, zur technischen Optimierung unserer Internetseiten und zum Zweck der Sicherheit unserer Computersysteme und Netze. In diesen Zwecken liegt auch unser berechtigtes Interesse an der Datenverarbeitung nach Art. 6 Abs. 1 lit. f DSGVO.<br \/>\nDie Daten werden gel\u00f6scht, sobald sie f\u00fcr die Erreichung des Zwecks ihrer Erhebung nicht mehr erforderlich sind. Typischerweise werden diese technischen Informationen sp\u00e4testens nach sieben Tagen gel\u00f6scht oder unkenntlich gemacht.<br \/>\nDie Erfassung der Daten zur Bereitstellung der Website und die Speicherung der Daten in Logfiles ist f\u00fcr den Betrieb der Internetseite zwingend erforderlich. Es besteht folglich seitens des Nutzers keine Widerspruchsm\u00f6glichkeit.<\/p>\n<p>Fall 2. Erfassung Ihrer Nutzungsgewohnheiten \/ Verwendung von Cookies<br \/>\nDamit wir Ihnen als Kunde unsere Leistungen bestm\u00f6glich anbieten k\u00f6nnen &#8211; z.B. durch Internetseiten, welche optimal auf Ihre W\u00fcnsche zugeschnitten sind -, erfassen wir Ihre Aktivit\u00e4ten auf unseren Internetseiten.<br \/>\nUnsere Internetseiten verwenden sogenannte \u201eCookies\u201c. Bei Cookies handelt es sich um kleine Textdateien, die auf Ihrem Computersystem gespeichert werden, wenn Sie unsere Internetseiten besuchen. In diesen Textdateien steht jeweils eine charakteristische Zeichenfolge, mit welcher wir Ihren Computersystem (ganz genau gesagt: Ihren Browser) identifizieren k\u00f6nnen, wenn Sie unsere Internetseiten beim n\u00e4chsten Mal wieder besuchen.<br \/>\nSoweit Sie hierzu Ihre Einwilligung nach Art. 6 Abs. 1 S. 1 lit. a DSGVO erteilt haben, benutzt diese Website im Rahmen der Anwendung von Google Analytics (siehe unten) zu Werbezwecken auch das sogenannte DoubleClick-Cookie, das eine Wiedererkennung Ihres Browsers beim Besuch anderer Websites erm\u00f6glicht. Die durch das Cookie automatisch erzeugten Informationen \u00fcber den Besuch dieser Website werden an einen Server von Google in den USA \u00fcbertragen und dort gespeichert. Die IP Adresse wird dabei durch die Aktivierung der IP-Anonymisierung auf dieser Webseite vor der \u00dcbermittlung innerhalb der Mitgliedstaaten der Europ\u00e4ischen Union oder in anderen Vertragsstaaten des Abkommens \u00fcber den Europ\u00e4ischen Wirtschaftsraum gek\u00fcrzt. Nur in Ausnahmef\u00e4llen wird die volle IP-Adresse an einen Server von Google in den USA \u00fcbertragen und dort gek\u00fcrzt. Die im Rahmen von Google Analytics von Ihrem Browser \u00fcbermittelte anonymisierte IP-Adresse wird nicht mit anderen Daten von Google zusammengef\u00fchrt.<\/p>\n<p>Google wird diese Informationen benutzen, um Reports \u00fcber die Websiteaktivit\u00e4ten zusammenzustellen und um weitere mit der Websitenutzung verbundene Dienstleistungen zu erbringen. Auch wird Google diese Informationen gegebenenfalls an Dritte \u00fcbertragen, sofern dies gesetzlich vorgeschrieben oder soweit Dritte diese Daten im Auftrag von Google verarbeiten. Nach Zweckfortfall und Ende des Einsatzes von Google DoubleClick durch uns werden die in diesem Zusammenhang erhobenen Daten gel\u00f6scht.<br \/>\nGoogle Double Click ist ein Angebot der Google LLC. (www.google.de).<br \/>\nDie Google LLC hat ihren Hauptsitz in den USA und ist zertifiziert unter dem EU-US-Privacy Shield. Ein aktuelles Zertifikat kann\u00a0 eingesehen werden. Aufgrund dieses Abkommens zwischen den USA und der Europ\u00e4ischen Kommission hat letztere f\u00fcr unter dem Privacy Shield zertifizierte Unternehmen ein angemessenes Datenschutzniveau festgestellt.<\/p>\n<p>Sie k\u00f6nnen Sie sich bei der Digital Advertising Alliance \u00fcber das Setzen von Cookies informieren und Einstellungen hierzu vornehmen. Schlie\u00dflich k\u00f6nnen Sie Ihren Browser so einstellen, dass Sie \u00fcber das Setzen von Cookies informiert werden und einzeln \u00fcber deren Annahme entscheiden oder die Annahme von Cookies f\u00fcr bestimmte F\u00e4lle oder generell ausschlie\u00dfen. Bei der Nichtannahme von Cookies kann die Funktionalit\u00e4t unserer Website eingeschr\u00e4nkt sein.<br \/>\nEinsatz von Google (Universal) Analytics zur Webanalyse<br \/>\nSoweit Sie hierzu Ihre Einwilligung nach Art. 6 Abs. 1 S. 1 lit. a DSGVO erteilt haben, setzt diese Website zum Zweck der Webseitenanalyse Google (Universal) Analytics ein, einen Webanalysedienst der Google LLC (www.google.de). Google (Universal) Analytics verwendet Methoden, die eine Analyse der Benutzung der Website durch Sie erm\u00f6glichen, wie zum Beispiel Cookies. Die automatisch erhobenen Informationen \u00fcber Ihre Benutzung dieser Website werden in der Regel an einen Server von Google in den USA \u00fcbertragen und dort gespeichert. Durch die Aktivierung der IP-Anonymisierung auf dieser Webseite wird dabei die IP-Adresse vor der \u00dcbermittlung innerhalb der Mitgliedstaaten der Europ\u00e4ischen Union oder in anderen Vertragsstaaten des Abkommens \u00fcber den Europ\u00e4ischen Wirtschaftsraum gek\u00fcrzt. Nur in Ausnahmef\u00e4llen wird die volle IP-Adresse an einen Server von Google in den USA \u00fcbertragen und dort gek\u00fcrzt. Die im Rahmen von Google Analytics von Ihrem Browser \u00fcbermittelte anonymisierte IP-Adresse wird grunds\u00e4tzlich nicht mit anderen Daten von Google zusammengef\u00fchrt. Nach Zweckfortfall und Ende des Einsatzes von Google Analytics durch uns werden die in diesem Zusammenhang erhobenen Daten gel\u00f6scht.<\/p>\n<p>Die Google LLC hat ihren Hauptsitz in den USA und ist zertifiziert unter dem EU-US-Privacy Shield. Ein aktuelles Zertifikat kann hier eingesehen werden. Aufgrund dieses Abkommens zwischen den USA und der Europ\u00e4ischen Kommission hat letztere f\u00fcr unter dem Privacy Shield zertifizierte Unternehmen ein angemessenes Datenschutzniveau festgestellt.<\/p>\n<p>Sie k\u00f6nnen Ihre Einwilligung jederzeit mit Wirkung f\u00fcr die Zukunft widerrufen, indem sie das unter dem folgenden Link verf\u00fcgbare Browser-Plugin herunterladen und installieren: http:\/\/tools.google.com\/dlpage\/gaoptout?hl=de . Hierdurch wird die Erfassung der durch das Cookie erzeugten und auf Ihre Nutzung der Website bezogenen Daten (inkl. Ihrer IP-Adresse) sowie die Verarbeitung dieser Daten durch Google verhindert.<\/p>\n<p>L\u00f6schen Sie Ihre Cookies, werden Sie erneut um Erteilung Ihrer Einwilligung gebeten.<br \/>\nWir haben Vereinbarungen mit externen Dienstleistern abgeschlossen, nach der diese den Zugriff auf bestimmte Seiten unserer Website im Zusammenhang mit Werbema\u00dfnahmen registrieren, um Berichte \u00fcber Seitenabrufe, Statistiken, angeklickte Werbung und\/oder andere Surf-Verhalten auf unserer Website anfertigen zu k\u00f6nnen. Soweit von uns gestattet, verwenden die Dienstleister hierzu Cookies, \u00bbWeb-Beacons(Ein Web Beacon (\u201eWeb-Bake\u201c) ist in der Regel eine kleine Grafik, manchmal nur einen Pixel gro\u00df und transparent (\u201eZ\u00e4hlpixel\u201c), durch die der sie liefernde Server Informationen \u00fcber die Besucher der Webseite (oder E-Mail) erh\u00e4lt, in der die Grafik eingebunden ist. Dies sind beispielsweise<br \/>\n\u2022 Browsertyp und -version<br \/>\n\u2022 verwendetes Betriebssystem<br \/>\n\u2022 Referrer URL (die zuvor besuchte Seite)<br \/>\n\u2022 Hostname des zugreifenden Rechners (IP Adresse)<br \/>\n\u2022 Datum und Uhrzeit der Serveranfrage<br \/>\nWeb Beacons in HTML-E-Mails sind beliebte Lesebest\u00e4tigungen. Der Absender erf\u00e4hrt dadurch, wann, wie oft und von welchem Rechner aus eine bestimmte E-Mail gelesen wurde.) \u00ab und\/oder andere Technologien zur Registrierung von Seitenzugriffen, um anonymisierte Statistiken hinsichtlich der Besucher unserer Website anzufertigen. Die hierzu gesammelten Daten sind ausschlie\u00dflich anonymisierte Daten, die lediglich die Anzahl der Aufrufe bestimmter Seiten unserer Website enthalten. In keinem Fall werden pers\u00f6nliche Daten unserer Kunden an diese Dienstleister \u00fcbermittelt.<br \/>\nVielen Dank und viel Spa\u00df auf unserer Seite w\u00fcnscht Ihnen Ihr Nobelle &#8211; Team<\/p>\n","protected":false},"excerpt":{"rendered":"<p>I. Name und Anschrift des Verantwortlichen Der Verantwortliche im Sinne der \u201eDSGVO\u201c und anderer nationaler Datenschutzgesetze der Mitgliedsstaaten sowie sonstiger datenschutzrechtlicher Bestimmungen ist: Nobelle &#8211; Haus der Freude Inhaber Corinna Steffens Norderstra\u00dfe 28 25813 Husum Grunds\u00e4tzliches zur Verarbeitung Ihrer personenbezogenen Daten 1. Was ist denn \u201eVerarbeitung personenbezogener Daten\u201c? Personenbezogene Daten im Sinne der DSGVO sind [&hellip;]<\/p>\n","protected":false},"author":2,"featured_media":320,"parent":0,"menu_order":0,"comment_status":"open","ping_status":"open","template":"","meta":{"footnotes":""},"class_list":["post-12","page","type-page","status-publish","has-post-thumbnail","hentry"],"yoast_head":"<!-- This site is optimized with the Yoast SEO plugin v25.6 - https:\/\/yoast.com\/wordpress\/plugins\/seo\/ -->\n<title>Datenschutzerkl\u00e4rung - Nobelle - Haus der Freude<\/title>\n<meta name=\"description\" content=\"Datenschutzerkl\u00e4rung, von www.nobelle-flensburg.de\/datenschutzerklaerung. Hier erf\u00e4hrst Du alles \u00fcber unseren Datenschutz von Nobelle wohnen &amp; schenken.\" \/>\n<meta name=\"robots\" content=\"index, follow, max-snippet:-1, max-image-preview:large, max-video-preview:-1\" \/>\n<link rel=\"canonical\" href=\"https:\/\/nobelle-husum.de\/?page_id=12\" \/>\n<meta property=\"og:locale\" content=\"de_DE\" \/>\n<meta property=\"og:type\" content=\"article\" \/>\n<meta property=\"og:title\" content=\"Datenschutzerkl\u00e4rung - Nobelle - Haus der Freude\" \/>\n<meta property=\"og:description\" content=\"Datenschutzerkl\u00e4rung, von www.nobelle-flensburg.de\/datenschutzerklaerung. Hier erf\u00e4hrst Du alles \u00fcber unseren Datenschutz von Nobelle wohnen &amp; schenken.\" \/>\n<meta property=\"og:url\" content=\"https:\/\/nobelle-husum.de\/?page_id=12\" \/>\n<meta property=\"og:site_name\" content=\"Nobelle - Haus der Freude\" \/>\n<meta property=\"article:modified_time\" content=\"2024-11-07T14:08:46+00:00\" \/>\n<meta property=\"og:image\" content=\"https:\/\/nobelle-husum.de\/wp-content\/uploads\/2015\/02\/Nobelle1.jpg\" \/>\n\t<meta property=\"og:image:width\" content=\"640\" \/>\n\t<meta property=\"og:image:height\" content=\"425\" \/>\n\t<meta property=\"og:image:type\" content=\"image\/jpeg\" \/>\n<meta name=\"twitter:label1\" content=\"Gesch\u00e4tzte Lesezeit\" \/>\n\t<meta name=\"twitter:data1\" content=\"11\u00a0Minuten\" \/>\n<script type=\"application\/ld+json\" class=\"yoast-schema-graph\">{\"@context\":\"https:\/\/schema.org\",\"@graph\":[{\"@type\":\"WebPage\",\"@id\":\"https:\/\/nobelle-husum.de\/?page_id=12\",\"url\":\"https:\/\/nobelle-husum.de\/?page_id=12\",\"name\":\"Datenschutzerkl\u00e4rung - Nobelle - Haus der Freude\",\"isPartOf\":{\"@id\":\"https:\/\/nobelle-husum.de\/#website\"},\"primaryImageOfPage\":{\"@id\":\"https:\/\/nobelle-husum.de\/?page_id=12#primaryimage\"},\"image\":{\"@id\":\"https:\/\/nobelle-husum.de\/?page_id=12#primaryimage\"},\"thumbnailUrl\":\"https:\/\/nobelle-husum.de\/wp-content\/uploads\/2015\/02\/Nobelle1.jpg\",\"datePublished\":\"2014-10-21T11:35:44+00:00\",\"dateModified\":\"2024-11-07T14:08:46+00:00\",\"description\":\"Datenschutzerkl\u00e4rung, von www.nobelle-flensburg.de\/datenschutzerklaerung. Hier erf\u00e4hrst Du alles \u00fcber unseren Datenschutz von Nobelle wohnen & schenken.\",\"breadcrumb\":{\"@id\":\"https:\/\/nobelle-husum.de\/?page_id=12#breadcrumb\"},\"inLanguage\":\"de\",\"potentialAction\":[{\"@type\":\"ReadAction\",\"target\":[\"https:\/\/nobelle-husum.de\/?page_id=12\"]}]},{\"@type\":\"ImageObject\",\"inLanguage\":\"de\",\"@id\":\"https:\/\/nobelle-husum.de\/?page_id=12#primaryimage\",\"url\":\"https:\/\/nobelle-husum.de\/wp-content\/uploads\/2015\/02\/Nobelle1.jpg\",\"contentUrl\":\"https:\/\/nobelle-husum.de\/wp-content\/uploads\/2015\/02\/Nobelle1.jpg\",\"width\":640,\"height\":425},{\"@type\":\"BreadcrumbList\",\"@id\":\"https:\/\/nobelle-husum.de\/?page_id=12#breadcrumb\",\"itemListElement\":[{\"@type\":\"ListItem\",\"position\":1,\"name\":\"Home\",\"item\":\"https:\/\/nobelle-husum.de\/\"},{\"@type\":\"ListItem\",\"position\":2,\"name\":\"Datenschutzerkl\u00e4rung\"}]},{\"@type\":\"WebSite\",\"@id\":\"https:\/\/nobelle-husum.de\/#website\",\"url\":\"https:\/\/nobelle-husum.de\/\",\"name\":\"Nobelle - Haus der Freude\",\"description\":\"Das Haus der Freude\",\"publisher\":{\"@id\":\"https:\/\/nobelle-husum.de\/#organization\"},\"inLanguage\":\"de\"},{\"@type\":\"Organization\",\"@id\":\"https:\/\/nobelle-husum.de\/#organization\",\"name\":\"Nobelle - Haus der Freude\",\"url\":\"https:\/\/nobelle-husum.de\/\",\"logo\":{\"@type\":\"ImageObject\",\"inLanguage\":\"de\",\"@id\":\"https:\/\/nobelle-husum.de\/#\/schema\/logo\/image\/\",\"url\":\"https:\/\/nobelle-husum.de\/wp-content\/uploads\/2018\/10\/Logo-Nobelle-negativ.png\",\"contentUrl\":\"https:\/\/nobelle-husum.de\/wp-content\/uploads\/2018\/10\/Logo-Nobelle-negativ.png\",\"width\":879,\"height\":454,\"caption\":\"Nobelle - Haus der Freude\"},\"image\":{\"@id\":\"https:\/\/nobelle-husum.de\/#\/schema\/logo\/image\/\"}}]}<\/script>\n<!-- \/ Yoast SEO plugin. -->","yoast_head_json":{"title":"Datenschutzerkl\u00e4rung - Nobelle - Haus der Freude","description":"Datenschutzerkl\u00e4rung, von www.nobelle-flensburg.de\/datenschutzerklaerung. Hier erf\u00e4hrst Du alles \u00fcber unseren Datenschutz von Nobelle wohnen & schenken.","robots":{"index":"index","follow":"follow","max-snippet":"max-snippet:-1","max-image-preview":"max-image-preview:large","max-video-preview":"max-video-preview:-1"},"canonical":"https:\/\/nobelle-husum.de\/?page_id=12","og_locale":"de_DE","og_type":"article","og_title":"Datenschutzerkl\u00e4rung - Nobelle - Haus der Freude","og_description":"Datenschutzerkl\u00e4rung, von www.nobelle-flensburg.de\/datenschutzerklaerung. Hier erf\u00e4hrst Du alles \u00fcber unseren Datenschutz von Nobelle wohnen & schenken.","og_url":"https:\/\/nobelle-husum.de\/?page_id=12","og_site_name":"Nobelle - Haus der Freude","article_modified_time":"2024-11-07T14:08:46+00:00","og_image":[{"width":640,"height":425,"url":"https:\/\/nobelle-husum.de\/wp-content\/uploads\/2015\/02\/Nobelle1.jpg","type":"image\/jpeg"}],"twitter_misc":{"Gesch\u00e4tzte Lesezeit":"11\u00a0Minuten"},"schema":{"@context":"https:\/\/schema.org","@graph":[{"@type":"WebPage","@id":"https:\/\/nobelle-husum.de\/?page_id=12","url":"https:\/\/nobelle-husum.de\/?page_id=12","name":"Datenschutzerkl\u00e4rung - Nobelle - Haus der Freude","isPartOf":{"@id":"https:\/\/nobelle-husum.de\/#website"},"primaryImageOfPage":{"@id":"https:\/\/nobelle-husum.de\/?page_id=12#primaryimage"},"image":{"@id":"https:\/\/nobelle-husum.de\/?page_id=12#primaryimage"},"thumbnailUrl":"https:\/\/nobelle-husum.de\/wp-content\/uploads\/2015\/02\/Nobelle1.jpg","datePublished":"2014-10-21T11:35:44+00:00","dateModified":"2024-11-07T14:08:46+00:00","description":"Datenschutzerkl\u00e4rung, von www.nobelle-flensburg.de\/datenschutzerklaerung. Hier erf\u00e4hrst Du alles \u00fcber unseren Datenschutz von Nobelle wohnen & schenken.","breadcrumb":{"@id":"https:\/\/nobelle-husum.de\/?page_id=12#breadcrumb"},"inLanguage":"de","potentialAction":[{"@type":"ReadAction","target":["https:\/\/nobelle-husum.de\/?page_id=12"]}]},{"@type":"ImageObject","inLanguage":"de","@id":"https:\/\/nobelle-husum.de\/?page_id=12#primaryimage","url":"https:\/\/nobelle-husum.de\/wp-content\/uploads\/2015\/02\/Nobelle1.jpg","contentUrl":"https:\/\/nobelle-husum.de\/wp-content\/uploads\/2015\/02\/Nobelle1.jpg","width":640,"height":425},{"@type":"BreadcrumbList","@id":"https:\/\/nobelle-husum.de\/?page_id=12#breadcrumb","itemListElement":[{"@type":"ListItem","position":1,"name":"Home","item":"https:\/\/nobelle-husum.de\/"},{"@type":"ListItem","position":2,"name":"Datenschutzerkl\u00e4rung"}]},{"@type":"WebSite","@id":"https:\/\/nobelle-husum.de\/#website","url":"https:\/\/nobelle-husum.de\/","name":"Nobelle - Haus der Freude","description":"Das Haus der Freude","publisher":{"@id":"https:\/\/nobelle-husum.de\/#organization"},"inLanguage":"de"},{"@type":"Organization","@id":"https:\/\/nobelle-husum.de\/#organization","name":"Nobelle - Haus der Freude","url":"https:\/\/nobelle-husum.de\/","logo":{"@type":"ImageObject","inLanguage":"de","@id":"https:\/\/nobelle-husum.de\/#\/schema\/logo\/image\/","url":"https:\/\/nobelle-husum.de\/wp-content\/uploads\/2018\/10\/Logo-Nobelle-negativ.png","contentUrl":"https:\/\/nobelle-husum.de\/wp-content\/uploads\/2018\/10\/Logo-Nobelle-negativ.png","width":879,"height":454,"caption":"Nobelle - Haus der Freude"},"image":{"@id":"https:\/\/nobelle-husum.de\/#\/schema\/logo\/image\/"}}]}},"_links":{"self":[{"href":"https:\/\/nobelle-husum.de\/index.php?rest_route=\/wp\/v2\/pages\/12"}],"collection":[{"href":"https:\/\/nobelle-husum.de\/index.php?rest_route=\/wp\/v2\/pages"}],"about":[{"href":"https:\/\/nobelle-husum.de\/index.php?rest_route=\/wp\/v2\/types\/page"}],"author":[{"embeddable":true,"href":"https:\/\/nobelle-husum.de\/index.php?rest_route=\/wp\/v2\/users\/2"}],"replies":[{"embeddable":true,"href":"https:\/\/nobelle-husum.de\/index.php?rest_route=%2Fwp%2Fv2%2Fcomments&post=12"}],"version-history":[{"count":10,"href":"https:\/\/nobelle-husum.de\/index.php?rest_route=\/wp\/v2\/pages\/12\/revisions"}],"predecessor-version":[{"id":1733,"href":"https:\/\/nobelle-husum.de\/index.php?rest_route=\/wp\/v2\/pages\/12\/revisions\/1733"}],"wp:featuredmedia":[{"embeddable":true,"href":"https:\/\/nobelle-husum.de\/index.php?rest_route=\/wp\/v2\/media\/320"}],"wp:attachment":[{"href":"https:\/\/nobelle-husum.de\/index.php?rest_route=%2Fwp%2Fv2%2Fmedia&parent=12"}],"curies":[{"name":"wp","href":"https:\/\/api.w.org\/{rel}","templated":true}]}}